{"id":36,"date":"2024-11-15T15:17:31","date_gmt":"2024-11-15T14:17:31","guid":{"rendered":"https:\/\/portfolio.masterkeybj.com\/uxcraft\/contact\/"},"modified":"2025-09-23T11:45:48","modified_gmt":"2025-09-23T09:45:48","slug":"contact","status":"publish","type":"page","link":"https:\/\/portfolio.masterkeybj.com\/uxcraft\/contact\/","title":{"rendered":"Contact"},"content":{"rendered":"\t\t<div data-elementor-type=\"wp-page\" data-elementor-id=\"36\" class=\"elementor elementor-36\">\n\t\t\t\t<div class=\"elementor-element elementor-element-aeeb3a3 e-flex e-con-boxed e-con e-parent\" data-id=\"aeeb3a3\" data-element_type=\"container\" data-settings=\"{&quot;background_background&quot;:&quot;classic&quot;}\">\n\t\t\t\t\t<div class=\"e-con-inner\">\n\t\t<div class=\"elementor-element elementor-element-821b1e8 e-con-full e-flex e-con e-child\" data-id=\"821b1e8\" data-element_type=\"container\">\n\t\t<div class=\"elementor-element elementor-element-75bcaa8 e-con-full e-flex e-con e-child\" data-id=\"75bcaa8\" data-element_type=\"container\">\n\t\t\t\t<div class=\"elementor-element elementor-element-8744ce6 ui-e-a-animate elementor-widget elementor-widget-highlighted-text\" data-id=\"8744ce6\" data-element_type=\"widget\" data-widget_type=\"highlighted-text.default\">\n\t\t\t\t\t        <h1 class=\"ui-e--highlighted-text\">\n            <span class=\"ui-e-headline-text elementor-repeater-item-bc8f076\">Parlez \u00e0<\/span><span class=\"ui-e-headline-text elementor-repeater-item-e7d1b9b ui-e-headline-stroke7\">\n\t\t\t\t\t\t\t\t\t<span class=\"whitespace\"><\/span>\n                                    <span>\n                                        <span class=\"ui-e-headline-text ui-e-headline-highlighted\"> nous!<\/span><span class=\"uicore-svg-wrapper\"><svg xmlns=\"http:\/\/www.w3.org\/2000\/svg\" viewBox=\"0 0 500 150\" preserveAspectRatio=\"none\"><path d='M15.2 133.3H485' \/><\/svg><\/span><\/span> <span class=\"whitespace\"> <\/span><\/span>        <\/h1>\n    \t\t\t\t<\/div>\n\t\t\t\t<div class=\"elementor-element elementor-element-f58bfb1 elementor-widget elementor-widget-text-editor\" data-id=\"f58bfb1\" data-element_type=\"widget\" data-widget_type=\"text-editor.default\">\n\t\t\t\t\t\t\t\t\t<p>\u00cates-vous pr\u00eat \u00e0 faire passer votre marque \u00e0 un niveau sup\u00e9rieur ? Slubby est votre partenaire pour cr\u00e9er des exp\u00e9riences num\u00e9riques visuellement saisissantes et percutantes. Gr\u00e2ce \u00e0 notre expertise en design visuel, motion graphics et d\u00e9veloppement, nous vous aiderons \u00e0 vous d\u00e9marquer dans un march\u00e9 satur\u00e9.<\/p>\t\t\t\t\t\t\t\t<\/div>\n\t\t\t\t<\/div>\n\t\t<div class=\"elementor-element elementor-element-5f7d8e2 e-con-full e-flex e-con e-child\" data-id=\"5f7d8e2\" data-element_type=\"container\">\n\t\t\t\t<div class=\"elementor-element elementor-element-4e4c174 animated-slow elementor-invisible elementor-widget elementor-widget-image\" data-id=\"4e4c174\" data-element_type=\"widget\" data-settings=\"{&quot;_animation_delay&quot;:&quot;700&quot;,&quot;_animation&quot;:&quot;fadeIn&quot;}\" data-widget_type=\"image.default\">\n\t\t\t\t\t\t\t\t\t\t\t\t\t\t\t<img fetchpriority=\"high\" decoding=\"async\" width=\"1502\" height=\"1110\" src=\"https:\/\/portfolio.masterkeybj.com\/uxcraft\/wp-content\/uploads\/sites\/8\/2025\/09\/Creative-Agency-About-Image-2.webp\" class=\"attachment-full size-full wp-image-19\" alt=\"\" srcset=\"https:\/\/portfolio.masterkeybj.com\/uxcraft\/wp-content\/uploads\/sites\/8\/2025\/09\/Creative-Agency-About-Image-2.webp 1502w, https:\/\/portfolio.masterkeybj.com\/uxcraft\/wp-content\/uploads\/sites\/8\/2025\/09\/Creative-Agency-About-Image-2-300x222.webp 300w, https:\/\/portfolio.masterkeybj.com\/uxcraft\/wp-content\/uploads\/sites\/8\/2025\/09\/Creative-Agency-About-Image-2-1024x757.webp 1024w, https:\/\/portfolio.masterkeybj.com\/uxcraft\/wp-content\/uploads\/sites\/8\/2025\/09\/Creative-Agency-About-Image-2-768x568.webp 768w, https:\/\/portfolio.masterkeybj.com\/uxcraft\/wp-content\/uploads\/sites\/8\/2025\/09\/Creative-Agency-About-Image-2-650x480.webp 650w\" sizes=\"(max-width: 1502px) 100vw, 1502px\" \/>\t\t\t\t\t\t\t\t\t\t\t\t\t\t\t<\/div>\n\t\t\t\t<\/div>\n\t\t\t\t<\/div>\n\t\t<div class=\"elementor-element elementor-element-dde0a96 e-con-full e-flex e-con e-child\" data-id=\"dde0a96\" data-element_type=\"container\">\n\t\t<div class=\"elementor-element elementor-element-e60e788 e-con-full e-flex e-con e-child\" data-id=\"e60e788\" data-element_type=\"container\">\n\t\t\t\t<div class=\"elementor-element elementor-element-4dbc284 ui-e-submit-align-left elementor-widget elementor-widget-uicore-contact-form\" data-id=\"4dbc284\" data-element_type=\"widget\" data-widget_type=\"uicore-contact-form.default\">\n\t\t\t\t\t\n        <form class=\"ui-e-form\" method=\"post\" name=\"New Form\">\n\n            <input type=\"hidden\" name=\"post_id\" value=\"36\" \/>\n            <input type=\"hidden\" name=\"widget_type\" value=\"contact-form\">\n\n            <input type=\"hidden\" name=\"required_fields_message\" value=\"Fill all required fields.\">\n\n            <div class=\"ui-e-fields-wrp\">\n\n                \n                    <div class=\"ui-e-field-type-text ui-e-field-group elementor-column ui-e-field-group-name elementor-col-100\">\n                                                    <label for=\"form-field-name\" class=\"ui-e-label\">\n                                Quel est ton nom?                            <\/label>\n                                                            <input size=\"1\" type=\"text\" name=\"form_fields[name]\" id=\"form-field-name\" class=\"ui-e-field  ui-e-field-textual\" placeholder=\"John Doe\">\n                                            <\/div>\n\n                \n                    <div class=\"ui-e-field-type-email ui-e-field-group elementor-column ui-e-field-group-email elementor-col-100 \">\n                                                    <label for=\"form-field-email\" class=\"ui-e-label\">\n                                Quel est votre adresse email                            <\/label>\n                                                            <input size=\"1\" type=\"email\" name=\"form_fields[email]\" id=\"form-field-email\" class=\"ui-e-field  ui-e-field-textual\" placeholder=\"johndoe@gmail.com\" required=\"required\" aria-required=\"true\">\n                                            <\/div>\n\n                \n                    <div class=\"ui-e-field-type-textarea ui-e-field-group elementor-column ui-e-field-group-message elementor-col-100\">\n                                                    <label for=\"form-field-message\" class=\"ui-e-label\">\n                                Quelle est votre question?                            <\/label>\n                            <textarea class=\"ui-e-field \" name=\"form_fields[message]\" id=\"form-field-message\" rows=\"4\" placeholder=\"je voudrais savoir.....\"><\/textarea>                    <\/div>\n\n                \n                <div class=\"ui-e-field-group elementor-column ui-e-field-type-submit elementor-col-100 e-form__buttons\">\n                    <button type=\"submit\" class=\"elementor-button\">\n                        <span >\n                                                            <span class=\"\">\n                                                                                                        <\/span>\n                                                                                        <span class=\"ui-e-text\">Envoyez<\/span>\n                                                    <\/span>\n                    <\/button>\n                <\/div>\n\n            <\/div>\n\n            <div class=\"ui-e-message \">\n                            <\/div>\n        <\/form>\n                <script>\n            window.ui_e_form_validation_messages = {\"required_fields\":\"Fill all required fields.\"};\n        <\/script>\n\t\t\t\t<\/div>\n\t\t\t\t<\/div>\n\t\t<div class=\"elementor-element elementor-element-a703bb2 e-con-full e-flex e-con e-child\" data-id=\"a703bb2\" data-element_type=\"container\">\n\t\t\t\t<div class=\"elementor-element elementor-element-4430c6d ui-e-align-left ui-e-top ui-e-align-tablet-center ui-e-align-mobile-center elementor-widget elementor-widget-uicore-icon-box\" data-id=\"4430c6d\" data-element_type=\"widget\" data-settings=\"{&quot;position&quot;:&quot;top&quot;,&quot;readmore&quot;:&quot;yes&quot;,&quot;content_padding&quot;:{&quot;unit&quot;:&quot;px&quot;,&quot;top&quot;:&quot;&quot;,&quot;right&quot;:&quot;&quot;,&quot;bottom&quot;:&quot;&quot;,&quot;left&quot;:&quot;&quot;,&quot;isLinked&quot;:true},&quot;content_padding_tablet&quot;:{&quot;unit&quot;:&quot;px&quot;,&quot;top&quot;:&quot;&quot;,&quot;right&quot;:&quot;&quot;,&quot;bottom&quot;:&quot;&quot;,&quot;left&quot;:&quot;&quot;,&quot;isLinked&quot;:true},&quot;content_padding_mobile&quot;:{&quot;unit&quot;:&quot;px&quot;,&quot;top&quot;:&quot;&quot;,&quot;right&quot;:&quot;&quot;,&quot;bottom&quot;:&quot;&quot;,&quot;left&quot;:&quot;&quot;,&quot;isLinked&quot;:true}}\" data-widget_type=\"uicore-icon-box.default\">\n\t\t\t\t\t\n        <div class=\"ui-e-ico-box\" >\n\n            \n            <div class='ui-e-flex-wrp'>\n\n                                    <div class=\"ui-e-icon-wrp\">\n\n                        <img decoding=\"async\" width=\"300\" height=\"300\" src=\"https:\/\/portfolio.masterkeybj.com\/uxcraft\/wp-content\/uploads\/sites\/8\/2025\/09\/Creative-Agency-Pricing-Ornament-1-300x300.webp\" class=\"attachment-medium size-medium\" alt=\"\" srcset=\"https:\/\/portfolio.masterkeybj.com\/uxcraft\/wp-content\/uploads\/sites\/8\/2025\/09\/Creative-Agency-Pricing-Ornament-1-300x300.webp 300w, https:\/\/portfolio.masterkeybj.com\/uxcraft\/wp-content\/uploads\/sites\/8\/2025\/09\/Creative-Agency-Pricing-Ornament-1-150x150.webp 150w, https:\/\/portfolio.masterkeybj.com\/uxcraft\/wp-content\/uploads\/sites\/8\/2025\/09\/Creative-Agency-Pricing-Ornament-1.webp 444w\" sizes=\"(max-width: 300px) 100vw, 300px\" \/>\n                    <\/div>\n                \n                <div class=\"ui-e-title-wrp\"><h3 class=\"ui-e-title\">Vous pr\u00e9f\u00e9rez par email ?<\/h3><\/div>\n            <\/div>\n\n            <div class=\"ui-e-box-content\">\n                \n                <div class=\"ui-e-description\">\n                    <p>Vous pouvez \u00e9galement nous contacter \u00e0<\/p>                <\/div>\n\n                                    <a href=\"#\"class=\"ui-e-readmore\">\n\n                        hello@slubby.com                                            <\/a>\n                \n            <\/div>\n        <\/div>\n\t\t\t\t<\/div>\n\t\t\t\t<\/div>\n\t\t\t\t<\/div>\n\t\t\t\t\t<\/div>\n\t\t\t\t<\/div>\n\t\t<div class=\"elementor-element elementor-element-77b9a21 e-con-full e-flex e-con e-parent\" data-id=\"77b9a21\" data-element_type=\"container\" data-settings=\"{&quot;background_background&quot;:&quot;classic&quot;}\">\n\t\t\t\t<div class=\"elementor-element elementor-element-3038513 ui-e-a-animate elementor-invisible elementor-widget elementor-widget-highlighted-text\" data-id=\"3038513\" data-element_type=\"widget\" data-settings=\"{&quot;_animation&quot;:&quot;fadeInRight&quot;}\" data-widget_type=\"highlighted-text.default\">\n\t\t\t\t\t        <h3 class=\"ui-e--highlighted-text\">\n            <span class=\"ui-e-headline-text elementor-repeater-item-f8bf5e6\"> Creative design beautiful guaranteed <\/span><span class=\"ui-e-highlight-image elementor-repeater-item-1384555\"><img decoding=\"async\" width=\"68\" height=\"72\" src=\"https:\/\/portfolio.masterkeybj.com\/uxcraft\/wp-content\/uploads\/sites\/8\/2025\/09\/Creative-Agency-Fire.webp\" class=\"char\" alt=\"\" \/><\/span><span class=\"ui-e-headline-text elementor-repeater-item-67c8bc3\"> Creative design beautiful guaranteed <\/span><span class=\"ui-e-highlight-image elementor-repeater-item-49a71e9\"><img decoding=\"async\" width=\"68\" height=\"72\" src=\"https:\/\/portfolio.masterkeybj.com\/uxcraft\/wp-content\/uploads\/sites\/8\/2025\/09\/Creative-Agency-Fire.webp\" class=\"char\" alt=\"\" \/><\/span><span class=\"ui-e-headline-text elementor-repeater-item-daba346\"> Creative design beautiful guaranteed <\/span>        <\/h3>\n    \t\t\t\t<\/div>\n\t\t\t\t<\/div>\n\t\t\t\t<\/div>\n\t\t","protected":false},"excerpt":{"rendered":"<p>Parlez \u00e0 nous! \u00cates-vous pr\u00eat \u00e0 faire passer votre marque \u00e0 un niveau sup\u00e9rieur ? Slubby est votre partenaire pour cr\u00e9er des [&hellip;]<\/p>\n","protected":false},"author":1,"featured_media":0,"parent":0,"menu_order":0,"comment_status":"closed","ping_status":"closed","template":"","meta":{"footnotes":""},"class_list":["post-36","page","type-page","status-publish","hentry"],"_links":{"self":[{"href":"https:\/\/portfolio.masterkeybj.com\/uxcraft\/wp-json\/wp\/v2\/pages\/36","targetHints":{"allow":["GET"]}}],"collection":[{"href":"https:\/\/portfolio.masterkeybj.com\/uxcraft\/wp-json\/wp\/v2\/pages"}],"about":[{"href":"https:\/\/portfolio.masterkeybj.com\/uxcraft\/wp-json\/wp\/v2\/types\/page"}],"author":[{"embeddable":true,"href":"https:\/\/portfolio.masterkeybj.com\/uxcraft\/wp-json\/wp\/v2\/users\/1"}],"replies":[{"embeddable":true,"href":"https:\/\/portfolio.masterkeybj.com\/uxcraft\/wp-json\/wp\/v2\/comments?post=36"}],"version-history":[{"count":3,"href":"https:\/\/portfolio.masterkeybj.com\/uxcraft\/wp-json\/wp\/v2\/pages\/36\/revisions"}],"predecessor-version":[{"id":55,"href":"https:\/\/portfolio.masterkeybj.com\/uxcraft\/wp-json\/wp\/v2\/pages\/36\/revisions\/55"}],"wp:attachment":[{"href":"https:\/\/portfolio.masterkeybj.com\/uxcraft\/wp-json\/wp\/v2\/media?parent=36"}],"curies":[{"name":"wp","href":"https:\/\/api.w.org\/{rel}","templated":true}]}}